{"id":1356,"date":"2021-02-02T08:21:45","date_gmt":"2021-02-02T08:21:45","guid":{"rendered":"https:\/\/lizzy.com.mx\/index.php\/about\/"},"modified":"2023-04-19T23:17:31","modified_gmt":"2023-04-19T23:17:31","slug":"about","status":"publish","type":"page","link":"https:\/\/lizzy.com.mx\/index.php\/about\/","title":{"rendered":""},"content":{"rendered":"<h3 style=\"text-align: center;\">Fabricamos calidad y comodidad para que luzcas con estilo.<\/h3>\n<hr>\n<h6>Los colores no son un problema para nosotros.&nbsp;<\/h6>\n<style>\/*! elementor - v3.8.0 - 30-10-2022 *\/<br \/>\n.elementor-widget-image{text-align:center}.elementor-widget-image a{display:inline-block}.elementor-widget-image a img[src$=\".svg\"]{width:48px}.elementor-widget-image img{vertical-align:middle;display:inline-block}<\/style>\n<p>\t\t\t\t\t\t\t\t\t\t\t\t<img decoding=\"async\" width=\"1536\" height=\"1152\" src=\"https:\/\/lizzy.com.mx\/wp-content\/uploads\/2023\/03\/lizzy-lop-camisa.png\" alt=\"\" loading=\"lazy\" srcset=\"https:\/\/lizzy.com.mx\/wp-content\/uploads\/2023\/03\/lizzy-lop-camisa.png 1536w, https:\/\/lizzy.com.mx\/wp-content\/uploads\/2023\/03\/lizzy-lop-camisa-300x225.png 300w, https:\/\/lizzy.com.mx\/wp-content\/uploads\/2023\/03\/lizzy-lop-camisa-1024x768.png 1024w, https:\/\/lizzy.com.mx\/wp-content\/uploads\/2023\/03\/lizzy-lop-camisa-768x576.png 768w\" sizes=\"(max-width: 1536px) 100vw, 1536px\"><\/p>\n<p style=\"text-align: center;\">Somos una empresa 100% mexicana dedicada a la elaboraci\u00f3n de uniformes. Con m\u00e1s de 10 a\u00f1os en el mercado, nos especializamos en la confecci\u00f3n de scrubs para el uso m\u00e9dico elaborados por manos mexicanas.<br \/>\nNuestro prop\u00f3sito es darte la mejor calidad en cada prenda con el fin de facilitarte el trabajo y, a su vez, llegar a otro tipo de \u00e1reas y clientes como el sector restaurantero y salones de belleza.<br \/>\n<strong>Los a\u00f1os y la experiencia, al igual que nuestros clientes, dan fe de que somos la mejor opci\u00f3n.<\/strong><\/p>\n<style>\/*! elementor - v3.8.0 - 30-10-2022 *\/<br \/>\n.elementor-widget-divider{--divider-border-style:none;--divider-border-width:1px;--divider-color:#2c2c2c;--divider-icon-size:20px;--divider-element-spacing:10px;--divider-pattern-height:24px;--divider-pattern-size:20px;--divider-pattern-url:none;--divider-pattern-repeat:repeat-x}.elementor-widget-divider .elementor-divider{display:-webkit-box;display:-ms-flexbox;display:flex}.elementor-widget-divider .elementor-divider__text{font-size:15px;line-height:1;max-width:95%}.elementor-widget-divider .elementor-divider__element{margin:0 var(--divider-element-spacing);-ms-flex-negative:0;flex-shrink:0}.elementor-widget-divider .elementor-icon{font-size:var(--divider-icon-size)}.elementor-widget-divider .elementor-divider-separator{display:-webkit-box;display:-ms-flexbox;display:flex;margin:0;direction:ltr}.elementor-widget-divider--view-line_icon .elementor-divider-separator,.elementor-widget-divider--view-line_text .elementor-divider-separator{-webkit-box-align:center;-ms-flex-align:center;align-items:center}.elementor-widget-divider--view-line_icon .elementor-divider-separator:after,.elementor-widget-divider--view-line_icon .elementor-divider-separator:before,.elementor-widget-divider--view-line_text .elementor-divider-separator:after,.elementor-widget-divider--view-line_text .elementor-divider-separator:before{display:block;content:\"\";border-bottom:0;-webkit-box-flex:1;-ms-flex-positive:1;flex-grow:1;border-top:var(--divider-border-width) var(--divider-border-style) var(--divider-color)}.elementor-widget-divider--element-align-left .elementor-divider .elementor-divider-separator>.elementor-divider__svg:first-of-type{-webkit-box-flex:0;-ms-flex-positive:0;flex-grow:0;-ms-flex-negative:100;flex-shrink:100}.elementor-widget-divider--element-align-left .elementor-divider-separator:before{content:none}.elementor-widget-divider--element-align-left .elementor-divider__element{margin-left:0}.elementor-widget-divider--element-align-right .elementor-divider .elementor-divider-separator>.elementor-divider__svg:last-of-type{-webkit-box-flex:0;-ms-flex-positive:0;flex-grow:0;-ms-flex-negative:100;flex-shrink:100}.elementor-widget-divider--element-align-right .elementor-divider-separator:after{content:none}.elementor-widget-divider--element-align-right .elementor-divider__element{margin-right:0}.elementor-widget-divider:not(.elementor-widget-divider--view-line_text):not(.elementor-widget-divider--view-line_icon) .elementor-divider-separator{border-top:var(--divider-border-width) var(--divider-border-style) var(--divider-color)}.elementor-widget-divider--separator-type-pattern{--divider-border-style:none}.elementor-widget-divider--separator-type-pattern.elementor-widget-divider--view-line .elementor-divider-separator,.elementor-widget-divider--separator-type-pattern:not(.elementor-widget-divider--view-line) .elementor-divider-separator:after,.elementor-widget-divider--separator-type-pattern:not(.elementor-widget-divider--view-line) .elementor-divider-separator:before,.elementor-widget-divider--separator-type-pattern:not([class*=elementor-widget-divider--view]) .elementor-divider-separator{width:100%;min-height:var(--divider-pattern-height);-webkit-mask-size:var(--divider-pattern-size) 100%;mask-size:var(--divider-pattern-size) 100%;-webkit-mask-repeat:var(--divider-pattern-repeat);mask-repeat:var(--divider-pattern-repeat);background-color:var(--divider-color);-webkit-mask-image:var(--divider-pattern-url);mask-image:var(--divider-pattern-url)}.elementor-widget-divider--no-spacing{--divider-pattern-size:auto}.elementor-widget-divider--bg-round{--divider-pattern-repeat:round}.rtl .elementor-widget-divider .elementor-divider__text{direction:rtl}.e-con-inner>.elementor-widget-divider,.e-con>.elementor-widget-divider{width:var(--container-widget-width,100%)}<\/style>\n<h3 style=\"text-align: center;\"><strong>MISI\u00d3N<\/strong><\/h3>\n<p style=\"text-align: left;\">Ofrecer uniformes de calidad y \u00fanicos en el mercado, para satisfacer las necesidades de nuestros clientes, siempre creando lo mejor para ellos.&nbsp;<\/p>\n<p style=\"text-align: center;\">\n<h3 style=\"text-align: center;\">VISI\u00d3N<\/h3>\n<p>Convertirnos en una empresa competitiva, ampliando nuestra cartera de clientes, con la convicci\u00f3n de ser una empresa l\u00edder en la regi\u00f3n.<\/p>\n<h3 style=\"text-align: center;\"><strong>VALORES<\/strong><\/h3>\n<p>La pasi\u00f3n y la responsabilidad son nuestros principales valores, son algo que nos hace diferentes y \u00fanicos para avanzar d\u00eda con d\u00eda, cumpliendo con nuestra misi\u00f3n.<\/p>\n<h6><strong>En Lizzy Lop contamos con diferenciadores que nos permiten ofrecerle a nuestros clientes el mejor de los servicios<\/strong><\/h6>\n<p><img decoding=\"async\" width=\"150\" height=\"150\" src=\"https:\/\/lizzy.com.mx\/wp-content\/uploads\/2023\/03\/mexico-150x150.png\" alt=\"\" loading=\"lazy\" srcset=\"https:\/\/lizzy.com.mx\/wp-content\/uploads\/2023\/03\/mexico-150x150.png 150w, https:\/\/lizzy.com.mx\/wp-content\/uploads\/2023\/03\/mexico-300x300.png 300w, https:\/\/lizzy.com.mx\/wp-content\/uploads\/2023\/03\/mexico.png 512w\" sizes=\"(max-width: 150px) 100vw, 150px\"><\/p>\n<h6><strong>Servicios en toda la rep\u00fablica.<\/strong><\/h6>\n<p><img decoding=\"async\" width=\"150\" height=\"150\" src=\"https:\/\/lizzy.com.mx\/wp-content\/uploads\/2023\/03\/procedimiento-150x150.png\" alt=\"\" loading=\"lazy\" srcset=\"https:\/\/lizzy.com.mx\/wp-content\/uploads\/2023\/03\/procedimiento-150x150.png 150w, https:\/\/lizzy.com.mx\/wp-content\/uploads\/2023\/03\/procedimiento-300x300.png 300w, https:\/\/lizzy.com.mx\/wp-content\/uploads\/2023\/03\/procedimiento.png 512w\" sizes=\"(max-width: 150px) 100vw, 150px\"><\/p>\n<h6><strong>Procedimientos de vanguardia<\/strong>.<\/h6>\n<p>Especialistas de m\u00faltiples disciplinas para lograr soluciones a largo plazo.<\/p>\n<p><img decoding=\"async\" width=\"150\" height=\"150\" src=\"https:\/\/lizzy.com.mx\/wp-content\/uploads\/2023\/03\/diseno-lizzy-150x150.png\" alt=\"\" loading=\"lazy\"><br \/>\n<img decoding=\"async\" width=\"150\" height=\"150\" src=\"https:\/\/lizzy.com.mx\/wp-content\/uploads\/2023\/03\/rompecabezas-150x150.png\" alt=\"\" loading=\"lazy\" srcset=\"https:\/\/lizzy.com.mx\/wp-content\/uploads\/2023\/03\/rompecabezas-150x150.png 150w, https:\/\/lizzy.com.mx\/wp-content\/uploads\/2023\/03\/rompecabezas-300x300.png 300w, https:\/\/lizzy.com.mx\/wp-content\/uploads\/2023\/03\/rompecabezas.png 512w\" sizes=\"(max-width: 150px) 100vw, 150px\"><\/p>\n<h6>Soluciones personalizadas<\/h6>\n<p><img decoding=\"async\" width=\"150\" height=\"150\" src=\"https:\/\/lizzy.com.mx\/wp-content\/uploads\/2023\/03\/control-de-calidad-150x150.png\" alt=\"\" loading=\"lazy\" srcset=\"https:\/\/lizzy.com.mx\/wp-content\/uploads\/2023\/03\/control-de-calidad-150x150.png 150w, https:\/\/lizzy.com.mx\/wp-content\/uploads\/2023\/03\/control-de-calidad-300x300.png 300w, https:\/\/lizzy.com.mx\/wp-content\/uploads\/2023\/03\/control-de-calidad.png 512w\" sizes=\"(max-width: 150px) 100vw, 150px\"><\/p>\n<h6><strong>Personal<\/strong><br \/>\n<strong>cualificado<\/strong>.<\/h6>\n<p>Contamos con personal que cuenta con una amplia experiencia.<\/p>\n<h4 style=\"text-align: center;\">Nuestra prioridad son nuestros clientes, por eso en equipo y arduamente trabajamos para complacerles siempre.<\/h4>\n<div style=\"width: 640px;\" class=\"wp-video\"><!--[if lt IE 9]><script>document.createElement('video');<\/script><![endif]-->\n<video class=\"wp-video-shortcode\" id=\"video-1356-1\" width=\"640\" height=\"360\" preload=\"metadata\" controls=\"controls\"><source type=\"video\/mp4\" src=\"https:\/\/lizzy.com.mx\/wp-content\/uploads\/2023\/03\/202303211105.mp4?_=1\" \/><a href=\"https:\/\/lizzy.com.mx\/wp-content\/uploads\/2023\/03\/202303211105.mp4\">https:\/\/lizzy.com.mx\/wp-content\/uploads\/2023\/03\/202303211105.mp4<\/a><\/video><\/div>\n","protected":false},"excerpt":{"rendered":"<p>Fabricamos calidad y comodidad para que luzcas con estilo. Los colores no son un problema para nosotros.&nbsp; Somos una empresa 100% mexicana dedicada a la elaboraci\u00f3n de uniformes. Con m\u00e1s de 10 a\u00f1os en el mercado, nos especializamos en la confecci\u00f3n de scrubs para el uso m\u00e9dico elaborados por manos mexicanas. Nuestro prop\u00f3sito es darte [&hellip;]<\/p>\n","protected":false},"author":1,"featured_media":0,"parent":0,"menu_order":0,"comment_status":"closed","ping_status":"closed","template":"","meta":{"om_disable_all_campaigns":false,"_monsterinsights_skip_tracking":false,"_monsterinsights_sitenote_active":false,"_monsterinsights_sitenote_note":"","_monsterinsights_sitenote_category":0},"aioseo_notices":[],"_links":{"self":[{"href":"https:\/\/lizzy.com.mx\/index.php\/wp-json\/wp\/v2\/pages\/1356"}],"collection":[{"href":"https:\/\/lizzy.com.mx\/index.php\/wp-json\/wp\/v2\/pages"}],"about":[{"href":"https:\/\/lizzy.com.mx\/index.php\/wp-json\/wp\/v2\/types\/page"}],"author":[{"embeddable":true,"href":"https:\/\/lizzy.com.mx\/index.php\/wp-json\/wp\/v2\/users\/1"}],"replies":[{"embeddable":true,"href":"https:\/\/lizzy.com.mx\/index.php\/wp-json\/wp\/v2\/comments?post=1356"}],"version-history":[{"count":67,"href":"https:\/\/lizzy.com.mx\/index.php\/wp-json\/wp\/v2\/pages\/1356\/revisions"}],"predecessor-version":[{"id":2172,"href":"https:\/\/lizzy.com.mx\/index.php\/wp-json\/wp\/v2\/pages\/1356\/revisions\/2172"}],"wp:attachment":[{"href":"https:\/\/lizzy.com.mx\/index.php\/wp-json\/wp\/v2\/media?parent=1356"}],"curies":[{"name":"wp","href":"https:\/\/api.w.org\/{rel}","templated":true}]}}